{"id":1708,"date":"2021-03-07T15:34:29","date_gmt":"2021-03-07T14:34:29","guid":{"rendered":"https:\/\/yogamudra.de\/wordpress\/?page_id=1708"},"modified":"2023-10-06T17:06:46","modified_gmt":"2023-10-06T15:06:46","slug":"kontakt","status":"publish","type":"page","link":"https:\/\/yogamudra.de\/wordpress\/kontakt\/","title":{"rendered":"Kontakt &#038; Anfahrt"},"content":{"rendered":"\t\t<div data-elementor-type=\"wp-page\" data-elementor-id=\"1708\" class=\"elementor elementor-1708\">\n\t\t\t\t\t\t<section class=\"elementor-section elementor-top-section elementor-element elementor-element-deab562 elementor-section-full_width elementor-section-height-default elementor-section-height-default\" data-id=\"deab562\" data-element_type=\"section\" data-settings=\"{&quot;background_background&quot;:&quot;classic&quot;}\">\n\t\t\t\t\t\t\t<div class=\"elementor-background-overlay\"><\/div>\n\t\t\t\t\t\t\t<div class=\"elementor-container elementor-column-gap-default\">\n\t\t\t\t\t<div class=\"elementor-column elementor-col-100 elementor-top-column elementor-element elementor-element-27f88c1\" data-id=\"27f88c1\" data-element_type=\"column\">\n\t\t\t<div class=\"elementor-widget-wrap elementor-element-populated\">\n\t\t\t\t\t\t<div class=\"elementor-element elementor-element-dcc935f elementor-widget elementor-widget-spacer\" data-id=\"dcc935f\" data-element_type=\"widget\" data-widget_type=\"spacer.default\">\n\t\t\t\t<div class=\"elementor-widget-container\">\n\t\t\t\t\t\t\t<div class=\"elementor-spacer\">\n\t\t\t<div class=\"elementor-spacer-inner\"><\/div>\n\t\t<\/div>\n\t\t\t\t\t\t<\/div>\n\t\t\t\t<\/div>\n\t\t\t\t<div class=\"elementor-element elementor-element-662a9d8 elementor-widget elementor-widget-heading\" data-id=\"662a9d8\" data-element_type=\"widget\" data-widget_type=\"heading.default\">\n\t\t\t\t<div class=\"elementor-widget-container\">\n\t\t\t\t\t<h1 class=\"elementor-heading-title elementor-size-default\">Kontakt &amp; Anfahrt<\/h1>\t\t\t\t<\/div>\n\t\t\t\t<\/div>\n\t\t\t\t<div class=\"elementor-element elementor-element-52a5b68 elementor-widget elementor-widget-spacer\" data-id=\"52a5b68\" data-element_type=\"widget\" data-widget_type=\"spacer.default\">\n\t\t\t\t<div class=\"elementor-widget-container\">\n\t\t\t\t\t\t\t<div class=\"elementor-spacer\">\n\t\t\t<div class=\"elementor-spacer-inner\"><\/div>\n\t\t<\/div>\n\t\t\t\t\t\t<\/div>\n\t\t\t\t<\/div>\n\t\t\t\t\t<\/div>\n\t\t<\/div>\n\t\t\t\t\t<\/div>\n\t\t<\/section>\n\t\t\t\t<section class=\"elementor-section elementor-top-section elementor-element elementor-element-f0a5257 elementor-section-boxed elementor-section-height-default elementor-section-height-default\" data-id=\"f0a5257\" data-element_type=\"section\">\n\t\t\t\t\t\t<div class=\"elementor-container elementor-column-gap-default\">\n\t\t\t\t\t<div class=\"elementor-column elementor-col-100 elementor-top-column elementor-element elementor-element-350e800\" data-id=\"350e800\" data-element_type=\"column\">\n\t\t\t<div class=\"elementor-widget-wrap elementor-element-populated\">\n\t\t\t\t\t\t<div class=\"elementor-element elementor-element-f7ba7aa elementor-widget elementor-widget-heading\" data-id=\"f7ba7aa\" data-element_type=\"widget\" data-widget_type=\"heading.default\">\n\t\t\t\t<div class=\"elementor-widget-container\">\n\t\t\t\t\t<h2 class=\"elementor-heading-title elementor-size-default\">Kontakt<\/h2>\t\t\t\t<\/div>\n\t\t\t\t<\/div>\n\t\t\t\t<div class=\"elementor-element elementor-element-dbfdfab elementor-widget-divider--view-line elementor-widget elementor-widget-divider\" data-id=\"dbfdfab\" data-element_type=\"widget\" data-widget_type=\"divider.default\">\n\t\t\t\t<div class=\"elementor-widget-container\">\n\t\t\t\t\t\t\t<div class=\"elementor-divider\">\n\t\t\t<span class=\"elementor-divider-separator\">\n\t\t\t\t\t\t<\/span>\n\t\t<\/div>\n\t\t\t\t\t\t<\/div>\n\t\t\t\t<\/div>\n\t\t\t\t\t<\/div>\n\t\t<\/div>\n\t\t\t\t\t<\/div>\n\t\t<\/section>\n\t\t\t\t<section class=\"elementor-section elementor-top-section elementor-element elementor-element-c055828 elementor-section-boxed elementor-section-height-default elementor-section-height-default\" data-id=\"c055828\" data-element_type=\"section\">\n\t\t\t\t\t\t<div class=\"elementor-container elementor-column-gap-default\">\n\t\t\t\t\t<div class=\"elementor-column elementor-col-50 elementor-top-column elementor-element elementor-element-e2c4ef3\" data-id=\"e2c4ef3\" data-element_type=\"column\">\n\t\t\t<div class=\"elementor-widget-wrap elementor-element-populated\">\n\t\t\t\t\t\t<div class=\"elementor-element elementor-element-80ae404 elementor-widget elementor-widget-heading\" data-id=\"80ae404\" data-element_type=\"widget\" data-widget_type=\"heading.default\">\n\t\t\t\t<div class=\"elementor-widget-container\">\n\t\t\t\t\t<h3 class=\"elementor-heading-title elementor-size-default\">Praxisadresse<\/h3>\t\t\t\t<\/div>\n\t\t\t\t<\/div>\n\t\t\t\t<div class=\"elementor-element elementor-element-0cda383 elementor-widget elementor-widget-text-editor\" data-id=\"0cda383\" data-element_type=\"widget\" data-widget_type=\"text-editor.default\">\n\t\t\t\t<div class=\"elementor-widget-container\">\n\t\t\t\t\t\t\t\t\t<p><span style=\"font-size: 14pt;\">Naturheilpraxis Daniela Hem<\/span><br \/><span style=\"font-size: 14pt;\">Bergstra\u00dfe 3<\/span><br \/><span style=\"font-size: 14pt;\">66907 Glan-M\u00fcnchweiler<\/span><\/p>\t\t\t\t\t\t\t\t<\/div>\n\t\t\t\t<\/div>\n\t\t\t\t<div class=\"elementor-element elementor-element-341f194 elementor-widget elementor-widget-heading\" data-id=\"341f194\" data-element_type=\"widget\" data-widget_type=\"heading.default\">\n\t\t\t\t<div class=\"elementor-widget-container\">\n\t\t\t\t\t<h3 class=\"elementor-heading-title elementor-size-default\">Telefon<\/h3>\t\t\t\t<\/div>\n\t\t\t\t<\/div>\n\t\t\t\t<div class=\"elementor-element elementor-element-95113ab elementor-widget elementor-widget-text-editor\" data-id=\"95113ab\" data-element_type=\"widget\" data-widget_type=\"text-editor.default\">\n\t\t\t\t<div class=\"elementor-widget-container\">\n\t\t\t\t\t\t\t\t\t<p><span style=\"font-size: 14pt;\">0160-25 86 05 6<\/span><\/p>\t\t\t\t\t\t\t\t<\/div>\n\t\t\t\t<\/div>\n\t\t\t\t<div class=\"elementor-element elementor-element-527bd00 elementor-widget elementor-widget-heading\" data-id=\"527bd00\" data-element_type=\"widget\" data-widget_type=\"heading.default\">\n\t\t\t\t<div class=\"elementor-widget-container\">\n\t\t\t\t\t<h3 class=\"elementor-heading-title elementor-size-default\">Email<\/h3>\t\t\t\t<\/div>\n\t\t\t\t<\/div>\n\t\t\t\t<div class=\"elementor-element elementor-element-9fd0b73 elementor-widget elementor-widget-image\" data-id=\"9fd0b73\" data-element_type=\"widget\" data-widget_type=\"image.default\">\n\t\t\t\t<div class=\"elementor-widget-container\">\n\t\t\t\t\t\t\t\t\t\t\t\t\t\t\t<img decoding=\"async\" src=\"https:\/\/yogamudra.de\/wordpress\/wp-content\/uploads\/elementor\/thumbs\/Emailadresse-neu-1-p4fyvkxsgl2q18o62s2p0t7vhpq1uywfxms2vmguw6.jpg\" title=\"Emailadresse neu\" alt=\"Emailadresse neu\" loading=\"lazy\" \/>\t\t\t\t\t\t\t\t\t\t\t\t\t\t\t<\/div>\n\t\t\t\t<\/div>\n\t\t\t\t<div class=\"elementor-element elementor-element-5a8b01f elementor-widget elementor-widget-spacer\" data-id=\"5a8b01f\" data-element_type=\"widget\" data-widget_type=\"spacer.default\">\n\t\t\t\t<div class=\"elementor-widget-container\">\n\t\t\t\t\t\t\t<div class=\"elementor-spacer\">\n\t\t\t<div class=\"elementor-spacer-inner\"><\/div>\n\t\t<\/div>\n\t\t\t\t\t\t<\/div>\n\t\t\t\t<\/div>\n\t\t\t\t\t<\/div>\n\t\t<\/div>\n\t\t\t\t<div class=\"elementor-column elementor-col-50 elementor-top-column elementor-element elementor-element-3a18203\" data-id=\"3a18203\" data-element_type=\"column\">\n\t\t\t<div class=\"elementor-widget-wrap elementor-element-populated\">\n\t\t\t\t\t\t<div class=\"elementor-element elementor-element-13bdf9f elementor-widget elementor-widget-text-editor\" data-id=\"13bdf9f\" data-element_type=\"widget\" data-widget_type=\"text-editor.default\">\n\t\t\t\t<div class=\"elementor-widget-container\">\n\t\t\t\t\t\t\t\t\t<p>Rufen Sie mich an oder\u00a0<br \/><span style=\"font-family: 'Open Sans'; font-size: 25px; font-style: normal; font-weight: 300;\">schreiben Sie mir eine Nachricht.<\/span><\/p><p><strong><span style=\"font-family: 'Open Sans'; font-size: 25px; font-style: normal;\">Ich freue mich auf Sie!<\/span><\/strong><\/p>\t\t\t\t\t\t\t\t<\/div>\n\t\t\t\t<\/div>\n\t\t\t\t<section class=\"elementor-section elementor-inner-section elementor-element elementor-element-3f5982a elementor-section-boxed elementor-section-height-default elementor-section-height-default\" data-id=\"3f5982a\" data-element_type=\"section\">\n\t\t\t\t\t\t<div class=\"elementor-container elementor-column-gap-default\">\n\t\t\t\t\t<div class=\"elementor-column elementor-col-100 elementor-inner-column elementor-element elementor-element-7a5770a\" data-id=\"7a5770a\" data-element_type=\"column\">\n\t\t\t<div class=\"elementor-widget-wrap elementor-element-populated\">\n\t\t\t\t\t\t<div class=\"elementor-element elementor-element-f6f4745 elementor-widget__width-inherit elementor-widget elementor-widget-text-editor\" data-id=\"f6f4745\" data-element_type=\"widget\" data-widget_type=\"text-editor.default\">\n\t\t\t\t<div class=\"elementor-widget-container\">\n\t\t\t\t\t\t\t\t\t<p style=\"text-align: center;\"><span style=\"font-size: 14pt; color: #ffffff;\"><strong>Termine<\/strong><\/span><\/p>\t\t\t\t\t\t\t\t<\/div>\n\t\t\t\t<\/div>\n\t\t\t\t<div class=\"elementor-element elementor-element-00af2e4 elementor-widget elementor-widget-text-editor\" data-id=\"00af2e4\" data-element_type=\"widget\" data-widget_type=\"text-editor.default\">\n\t\t\t\t<div class=\"elementor-widget-container\">\n\t\t\t\t\t\t\t\t\t<ul><li style=\"text-align: left;\">Termine <strong>nach Vereinbarung<\/strong>.<\/li><li style=\"text-align: left;\">Wenn Sie einen Termin nicht wahrnehmen k\u00f6nnen, teilen Sie mir dies <strong>mindestens 24 Stunden<\/strong> vor Terminbeginn mit.<\/li><\/ul>\t\t\t\t\t\t\t\t<\/div>\n\t\t\t\t<\/div>\n\t\t\t\t\t<\/div>\n\t\t<\/div>\n\t\t\t\t\t<\/div>\n\t\t<\/section>\n\t\t\t\t\t<\/div>\n\t\t<\/div>\n\t\t\t\t\t<\/div>\n\t\t<\/section>\n\t\t\t\t<section class=\"elementor-section elementor-top-section elementor-element elementor-element-0e350b3 elementor-section-boxed elementor-section-height-default elementor-section-height-default\" data-id=\"0e350b3\" data-element_type=\"section\">\n\t\t\t\t\t\t<div class=\"elementor-container elementor-column-gap-default\">\n\t\t\t\t\t<div class=\"elementor-column elementor-col-100 elementor-top-column elementor-element elementor-element-21c85bb\" data-id=\"21c85bb\" data-element_type=\"column\">\n\t\t\t<div class=\"elementor-widget-wrap elementor-element-populated\">\n\t\t\t\t\t\t<div class=\"elementor-element elementor-element-bb91b1a elementor-widget elementor-widget-heading\" data-id=\"bb91b1a\" data-element_type=\"widget\" data-widget_type=\"heading.default\">\n\t\t\t\t<div class=\"elementor-widget-container\">\n\t\t\t\t\t<h2 class=\"elementor-heading-title elementor-size-default\">Anfahrt<\/h2>\t\t\t\t<\/div>\n\t\t\t\t<\/div>\n\t\t\t\t<div class=\"elementor-element elementor-element-6cd775d elementor-widget-divider--view-line elementor-widget elementor-widget-divider\" data-id=\"6cd775d\" data-element_type=\"widget\" data-widget_type=\"divider.default\">\n\t\t\t\t<div class=\"elementor-widget-container\">\n\t\t\t\t\t\t\t<div class=\"elementor-divider\">\n\t\t\t<span class=\"elementor-divider-separator\">\n\t\t\t\t\t\t<\/span>\n\t\t<\/div>\n\t\t\t\t\t\t<\/div>\n\t\t\t\t<\/div>\n\t\t\t\t<section class=\"elementor-section elementor-inner-section elementor-element elementor-element-177bb2c elementor-section-boxed elementor-section-height-default elementor-section-height-default\" data-id=\"177bb2c\" data-element_type=\"section\">\n\t\t\t\t\t\t<div class=\"elementor-container elementor-column-gap-default\">\n\t\t\t\t\t<div class=\"elementor-column elementor-col-50 elementor-inner-column elementor-element elementor-element-aa0deac\" data-id=\"aa0deac\" data-element_type=\"column\">\n\t\t\t<div class=\"elementor-widget-wrap elementor-element-populated\">\n\t\t\t\t\t\t<div class=\"elementor-element elementor-element-4b7016c elementor-widget elementor-widget-text-editor\" data-id=\"4b7016c\" data-element_type=\"widget\" data-widget_type=\"text-editor.default\">\n\t\t\t\t<div class=\"elementor-widget-container\">\n\t\t\t\t\t\t\t\t\t<p><strong><span style=\"font-size: 14pt;\">So finden Sie mich<\/span><\/strong><\/p><p>Die Bergstra\u00dfe ist eine Seitenstra\u00dfe der Ringstra\u00dfe. Die Praxis befindet sich von der Ringstra\u00dfe kommend auf der linken Seite der Stra\u00dfe. Der Praxiseingang befindet sich im Hof.<\/p><p><strong><span style=\"font-size: 14pt;\">Anfahrt mit dem PKW<\/span><\/strong><\/p><p>Glan-M\u00fcnchweiler liegt verkehrsg\u00fcnstig an der A62 \u2013 Ausfahrt 8 Glan-M\u00fcnchweiler.<\/p><p><span style=\"font-size: 14pt;\"><strong>Anfahrt mit Bus oder Bahn<\/strong><\/span><\/p><p>Der Bahnhof Glan-M\u00fcnchweiler ist ca. 550 m von der Praxis entfernt. Gute Verbindungen bestehen \u00fcber die Bahnstrecke Kaiserslautern \/ Landstuhl und Kusel.<\/p>\t\t\t\t\t\t\t\t<\/div>\n\t\t\t\t<\/div>\n\t\t\t\t\t<\/div>\n\t\t<\/div>\n\t\t\t\t<div class=\"elementor-column elementor-col-50 elementor-inner-column elementor-element elementor-element-0929cd6\" data-id=\"0929cd6\" data-element_type=\"column\">\n\t\t\t<div class=\"elementor-widget-wrap elementor-element-populated\">\n\t\t\t\t\t\t<div class=\"elementor-element elementor-element-90389fe elementor-widget elementor-widget-image\" data-id=\"90389fe\" data-element_type=\"widget\" data-widget_type=\"image.default\">\n\t\t\t\t<div class=\"elementor-widget-container\">\n\t\t\t\t\t\t\t\t\t\t\t\t\t\t\t<img fetchpriority=\"high\" decoding=\"async\" width=\"400\" height=\"267\" src=\"https:\/\/yogamudra.de\/wordpress\/wp-content\/uploads\/2021\/03\/Webp.net-resizeimage.jpg\" class=\"attachment-large size-large wp-image-1767\" alt=\"\" srcset=\"https:\/\/yogamudra.de\/wordpress\/wp-content\/uploads\/2021\/03\/Webp.net-resizeimage.jpg 400w, https:\/\/yogamudra.de\/wordpress\/wp-content\/uploads\/2021\/03\/Webp.net-resizeimage-300x200.jpg 300w\" sizes=\"(max-width: 400px) 100vw, 400px\" \/>\t\t\t\t\t\t\t\t\t\t\t\t\t\t\t<\/div>\n\t\t\t\t<\/div>\n\t\t\t\t\t<\/div>\n\t\t<\/div>\n\t\t\t\t\t<\/div>\n\t\t<\/section>\n\t\t\t\t\t<\/div>\n\t\t<\/div>\n\t\t\t\t\t<\/div>\n\t\t<\/section>\n\t\t\t\t<\/div>\n\t\t","protected":false},"excerpt":{"rendered":"<p>Kontakt &#038; Anfahrt Kontakt Praxisadresse Naturheilpraxis Daniela HemBergstra\u00dfe 366907 Glan-M\u00fcnchweiler Telefon 0160-25 86 05 6 Email Rufen Sie mich an oder\u00a0schreiben Sie mir eine Nachricht. Ich freue mich auf Sie! Termine Termine nach Vereinbarung. Wenn Sie einen Termin nicht wahrnehmen k\u00f6nnen, teilen Sie mir dies mindestens 24 Stunden vor Terminbeginn mit. Anfahrt So finden Sie [&hellip;]<\/p>\n","protected":false},"author":1,"featured_media":0,"parent":0,"menu_order":0,"comment_status":"closed","ping_status":"closed","template":"","meta":{"ocean_post_layout":"full-screen","ocean_both_sidebars_style":"","ocean_both_sidebars_content_width":0,"ocean_both_sidebars_sidebars_width":0,"ocean_sidebar":"0","ocean_second_sidebar":"0","ocean_disable_margins":"enable","ocean_add_body_class":"","ocean_shortcode_before_top_bar":"","ocean_shortcode_after_top_bar":"","ocean_shortcode_before_header":"","ocean_shortcode_after_header":"","ocean_has_shortcode":"","ocean_shortcode_after_title":"","ocean_shortcode_before_footer_widgets":"","ocean_shortcode_after_footer_widgets":"","ocean_shortcode_before_footer_bottom":"","ocean_shortcode_after_footer_bottom":"","ocean_display_top_bar":"default","ocean_display_header":"default","ocean_header_style":"","ocean_center_header_left_menu":"0","ocean_custom_header_template":"0","ocean_custom_logo":0,"ocean_custom_retina_logo":0,"ocean_custom_logo_max_width":0,"ocean_custom_logo_tablet_max_width":0,"ocean_custom_logo_mobile_max_width":0,"ocean_custom_logo_max_height":0,"ocean_custom_logo_tablet_max_height":0,"ocean_custom_logo_mobile_max_height":0,"ocean_header_custom_menu":"0","ocean_menu_typo_font_family":"0","ocean_menu_typo_font_subset":"","ocean_menu_typo_font_size":0,"ocean_menu_typo_font_size_tablet":0,"ocean_menu_typo_font_size_mobile":0,"ocean_menu_typo_font_size_unit":"px","ocean_menu_typo_font_weight":"","ocean_menu_typo_font_weight_tablet":"","ocean_menu_typo_font_weight_mobile":"","ocean_menu_typo_transform":"","ocean_menu_typo_transform_tablet":"","ocean_menu_typo_transform_mobile":"","ocean_menu_typo_line_height":0,"ocean_menu_typo_line_height_tablet":0,"ocean_menu_typo_line_height_mobile":0,"ocean_menu_typo_line_height_unit":"","ocean_menu_typo_spacing":0,"ocean_menu_typo_spacing_tablet":0,"ocean_menu_typo_spacing_mobile":0,"ocean_menu_typo_spacing_unit":"","ocean_menu_link_color":"","ocean_menu_link_color_hover":"","ocean_menu_link_color_active":"","ocean_menu_link_background":"","ocean_menu_link_hover_background":"","ocean_menu_link_active_background":"","ocean_menu_social_links_bg":"","ocean_menu_social_hover_links_bg":"","ocean_menu_social_links_color":"","ocean_menu_social_hover_links_color":"","ocean_disable_title":"on","ocean_disable_heading":"default","ocean_post_title":"","ocean_post_subheading":"","ocean_post_title_style":"","ocean_post_title_background_color":"","ocean_post_title_background":0,"ocean_post_title_bg_image_position":"","ocean_post_title_bg_image_attachment":"","ocean_post_title_bg_image_repeat":"","ocean_post_title_bg_image_size":"","ocean_post_title_height":0,"ocean_post_title_bg_overlay":0.5,"ocean_post_title_bg_overlay_color":"","ocean_disable_breadcrumbs":"default","ocean_breadcrumbs_color":"","ocean_breadcrumbs_separator_color":"","ocean_breadcrumbs_links_color":"","ocean_breadcrumbs_links_hover_color":"","ocean_display_footer_widgets":"default","ocean_display_footer_bottom":"default","ocean_custom_footer_template":"0","footnotes":""},"class_list":["post-1708","page","type-page","status-publish","hentry","entry"],"yoast_head":"<!-- This site is optimized with the Yoast SEO plugin v27.4 - https:\/\/yoast.com\/product\/yoast-seo-wordpress\/ -->\n<title>Kontakt &amp; Anfahrt - Naturheilpraxis Daniela Hem<\/title>\n<meta name=\"robots\" content=\"index, follow, max-snippet:-1, max-image-preview:large, max-video-preview:-1\" \/>\n<link rel=\"canonical\" href=\"https:\/\/yogamudra.de\/wordpress\/kontakt\/\" \/>\n<meta property=\"og:locale\" content=\"de_DE\" \/>\n<meta property=\"og:type\" content=\"article\" \/>\n<meta property=\"og:title\" content=\"Kontakt &amp; Anfahrt - Naturheilpraxis Daniela Hem\" \/>\n<meta property=\"og:description\" content=\"Kontakt &#038; Anfahrt Kontakt Praxisadresse Naturheilpraxis Daniela HemBergstra\u00dfe 366907 Glan-M\u00fcnchweiler Telefon 0160-25 86 05 6 Email Rufen Sie mich an oder\u00a0schreiben Sie mir eine Nachricht. Ich freue mich auf Sie! Termine Termine nach Vereinbarung. Wenn Sie einen Termin nicht wahrnehmen k\u00f6nnen, teilen Sie mir dies mindestens 24 Stunden vor Terminbeginn mit. Anfahrt So finden Sie [&hellip;]\" \/>\n<meta property=\"og:url\" content=\"https:\/\/yogamudra.de\/wordpress\/kontakt\/\" \/>\n<meta property=\"og:site_name\" content=\"Naturheilpraxis Daniela Hem\" \/>\n<meta property=\"article:publisher\" content=\"https:\/\/www.facebook.com\/NaturheilpraxisDanielaHem\" \/>\n<meta property=\"article:modified_time\" content=\"2023-10-06T15:06:46+00:00\" \/>\n<meta property=\"og:image\" content=\"https:\/\/yogamudra.de\/wordpress\/wp-content\/uploads\/elementor\/thumbs\/Emailadresse-neu-1-p4fyvkxsgl2q18o62s2p0t7vhpq1uywfxms2vmguwg.jpg\" \/>\n<meta name=\"twitter:label1\" content=\"Gesch\u00e4tzte Lesezeit\" \/>\n\t<meta name=\"twitter:data1\" content=\"2\u00a0Minuten\" \/>\n<script type=\"application\/ld+json\" class=\"yoast-schema-graph\">{\"@context\":\"https:\\\/\\\/schema.org\",\"@graph\":[{\"@type\":\"WebPage\",\"@id\":\"https:\\\/\\\/yogamudra.de\\\/wordpress\\\/kontakt\\\/\",\"url\":\"https:\\\/\\\/yogamudra.de\\\/wordpress\\\/kontakt\\\/\",\"name\":\"Kontakt & Anfahrt - Naturheilpraxis Daniela Hem\",\"isPartOf\":{\"@id\":\"https:\\\/\\\/yogamudra.de\\\/wordpress\\\/#website\"},\"primaryImageOfPage\":{\"@id\":\"https:\\\/\\\/yogamudra.de\\\/wordpress\\\/kontakt\\\/#primaryimage\"},\"image\":{\"@id\":\"https:\\\/\\\/yogamudra.de\\\/wordpress\\\/kontakt\\\/#primaryimage\"},\"thumbnailUrl\":\"https:\\\/\\\/yogamudra.de\\\/wordpress\\\/wp-content\\\/uploads\\\/elementor\\\/thumbs\\\/Emailadresse-neu-1-p4fyvkxsgl2q18o62s2p0t7vhpq1uywfxms2vmguwg.jpg\",\"datePublished\":\"2021-03-07T14:34:29+00:00\",\"dateModified\":\"2023-10-06T15:06:46+00:00\",\"breadcrumb\":{\"@id\":\"https:\\\/\\\/yogamudra.de\\\/wordpress\\\/kontakt\\\/#breadcrumb\"},\"inLanguage\":\"de\",\"potentialAction\":[{\"@type\":\"ReadAction\",\"target\":[\"https:\\\/\\\/yogamudra.de\\\/wordpress\\\/kontakt\\\/\"]}]},{\"@type\":\"ImageObject\",\"inLanguage\":\"de\",\"@id\":\"https:\\\/\\\/yogamudra.de\\\/wordpress\\\/kontakt\\\/#primaryimage\",\"url\":\"https:\\\/\\\/yogamudra.de\\\/wordpress\\\/wp-content\\\/uploads\\\/elementor\\\/thumbs\\\/Emailadresse-neu-1-p4fyvkxsgl2q18o62s2p0t7vhpq1uywfxms2vmguwg.jpg\",\"contentUrl\":\"https:\\\/\\\/yogamudra.de\\\/wordpress\\\/wp-content\\\/uploads\\\/elementor\\\/thumbs\\\/Emailadresse-neu-1-p4fyvkxsgl2q18o62s2p0t7vhpq1uywfxms2vmguwg.jpg\"},{\"@type\":\"BreadcrumbList\",\"@id\":\"https:\\\/\\\/yogamudra.de\\\/wordpress\\\/kontakt\\\/#breadcrumb\",\"itemListElement\":[{\"@type\":\"ListItem\",\"position\":1,\"name\":\"Start\",\"item\":\"https:\\\/\\\/yogamudra.de\\\/wordpress\\\/\"},{\"@type\":\"ListItem\",\"position\":2,\"name\":\"Kontakt &#038; Anfahrt\"}]},{\"@type\":\"WebSite\",\"@id\":\"https:\\\/\\\/yogamudra.de\\\/wordpress\\\/#website\",\"url\":\"https:\\\/\\\/yogamudra.de\\\/wordpress\\\/\",\"name\":\"Naturheilpraxis Daniela Hem\",\"description\":\"Naturheilkunde &amp; Yoga\",\"potentialAction\":[{\"@type\":\"SearchAction\",\"target\":{\"@type\":\"EntryPoint\",\"urlTemplate\":\"https:\\\/\\\/yogamudra.de\\\/wordpress\\\/?s={search_term_string}\"},\"query-input\":{\"@type\":\"PropertyValueSpecification\",\"valueRequired\":true,\"valueName\":\"search_term_string\"}}],\"inLanguage\":\"de\"}]}<\/script>\n<!-- \/ Yoast SEO plugin. -->","yoast_head_json":{"title":"Kontakt & Anfahrt - Naturheilpraxis Daniela Hem","robots":{"index":"index","follow":"follow","max-snippet":"max-snippet:-1","max-image-preview":"max-image-preview:large","max-video-preview":"max-video-preview:-1"},"canonical":"https:\/\/yogamudra.de\/wordpress\/kontakt\/","og_locale":"de_DE","og_type":"article","og_title":"Kontakt & Anfahrt - Naturheilpraxis Daniela Hem","og_description":"Kontakt &#038; Anfahrt Kontakt Praxisadresse Naturheilpraxis Daniela HemBergstra\u00dfe 366907 Glan-M\u00fcnchweiler Telefon 0160-25 86 05 6 Email Rufen Sie mich an oder\u00a0schreiben Sie mir eine Nachricht. Ich freue mich auf Sie! Termine Termine nach Vereinbarung. Wenn Sie einen Termin nicht wahrnehmen k\u00f6nnen, teilen Sie mir dies mindestens 24 Stunden vor Terminbeginn mit. Anfahrt So finden Sie [&hellip;]","og_url":"https:\/\/yogamudra.de\/wordpress\/kontakt\/","og_site_name":"Naturheilpraxis Daniela Hem","article_publisher":"https:\/\/www.facebook.com\/NaturheilpraxisDanielaHem","article_modified_time":"2023-10-06T15:06:46+00:00","og_image":[{"url":"https:\/\/yogamudra.de\/wordpress\/wp-content\/uploads\/elementor\/thumbs\/Emailadresse-neu-1-p4fyvkxsgl2q18o62s2p0t7vhpq1uywfxms2vmguwg.jpg","type":"","width":"","height":""}],"twitter_misc":{"Gesch\u00e4tzte Lesezeit":"2\u00a0Minuten"},"schema":{"@context":"https:\/\/schema.org","@graph":[{"@type":"WebPage","@id":"https:\/\/yogamudra.de\/wordpress\/kontakt\/","url":"https:\/\/yogamudra.de\/wordpress\/kontakt\/","name":"Kontakt & Anfahrt - Naturheilpraxis Daniela Hem","isPartOf":{"@id":"https:\/\/yogamudra.de\/wordpress\/#website"},"primaryImageOfPage":{"@id":"https:\/\/yogamudra.de\/wordpress\/kontakt\/#primaryimage"},"image":{"@id":"https:\/\/yogamudra.de\/wordpress\/kontakt\/#primaryimage"},"thumbnailUrl":"https:\/\/yogamudra.de\/wordpress\/wp-content\/uploads\/elementor\/thumbs\/Emailadresse-neu-1-p4fyvkxsgl2q18o62s2p0t7vhpq1uywfxms2vmguwg.jpg","datePublished":"2021-03-07T14:34:29+00:00","dateModified":"2023-10-06T15:06:46+00:00","breadcrumb":{"@id":"https:\/\/yogamudra.de\/wordpress\/kontakt\/#breadcrumb"},"inLanguage":"de","potentialAction":[{"@type":"ReadAction","target":["https:\/\/yogamudra.de\/wordpress\/kontakt\/"]}]},{"@type":"ImageObject","inLanguage":"de","@id":"https:\/\/yogamudra.de\/wordpress\/kontakt\/#primaryimage","url":"https:\/\/yogamudra.de\/wordpress\/wp-content\/uploads\/elementor\/thumbs\/Emailadresse-neu-1-p4fyvkxsgl2q18o62s2p0t7vhpq1uywfxms2vmguwg.jpg","contentUrl":"https:\/\/yogamudra.de\/wordpress\/wp-content\/uploads\/elementor\/thumbs\/Emailadresse-neu-1-p4fyvkxsgl2q18o62s2p0t7vhpq1uywfxms2vmguwg.jpg"},{"@type":"BreadcrumbList","@id":"https:\/\/yogamudra.de\/wordpress\/kontakt\/#breadcrumb","itemListElement":[{"@type":"ListItem","position":1,"name":"Start","item":"https:\/\/yogamudra.de\/wordpress\/"},{"@type":"ListItem","position":2,"name":"Kontakt &#038; Anfahrt"}]},{"@type":"WebSite","@id":"https:\/\/yogamudra.de\/wordpress\/#website","url":"https:\/\/yogamudra.de\/wordpress\/","name":"Naturheilpraxis Daniela Hem","description":"Naturheilkunde &amp; Yoga","potentialAction":[{"@type":"SearchAction","target":{"@type":"EntryPoint","urlTemplate":"https:\/\/yogamudra.de\/wordpress\/?s={search_term_string}"},"query-input":{"@type":"PropertyValueSpecification","valueRequired":true,"valueName":"search_term_string"}}],"inLanguage":"de"}]}},"_links":{"self":[{"href":"https:\/\/yogamudra.de\/wordpress\/wp-json\/wp\/v2\/pages\/1708","targetHints":{"allow":["GET"]}}],"collection":[{"href":"https:\/\/yogamudra.de\/wordpress\/wp-json\/wp\/v2\/pages"}],"about":[{"href":"https:\/\/yogamudra.de\/wordpress\/wp-json\/wp\/v2\/types\/page"}],"author":[{"embeddable":true,"href":"https:\/\/yogamudra.de\/wordpress\/wp-json\/wp\/v2\/users\/1"}],"replies":[{"embeddable":true,"href":"https:\/\/yogamudra.de\/wordpress\/wp-json\/wp\/v2\/comments?post=1708"}],"version-history":[{"count":98,"href":"https:\/\/yogamudra.de\/wordpress\/wp-json\/wp\/v2\/pages\/1708\/revisions"}],"predecessor-version":[{"id":2665,"href":"https:\/\/yogamudra.de\/wordpress\/wp-json\/wp\/v2\/pages\/1708\/revisions\/2665"}],"wp:attachment":[{"href":"https:\/\/yogamudra.de\/wordpress\/wp-json\/wp\/v2\/media?parent=1708"}],"curies":[{"name":"wp","href":"https:\/\/api.w.org\/{rel}","templated":true}]}}