{"id":2462,"date":"2021-03-27T09:26:28","date_gmt":"2021-03-27T08:26:28","guid":{"rendered":"https:\/\/yogamudra.de\/wordpress\/?page_id=2462"},"modified":"2021-03-27T10:51:54","modified_gmt":"2021-03-27T09:51:54","slug":"einzeltraining","status":"publish","type":"page","link":"https:\/\/yogamudra.de\/wordpress\/einzeltraining\/","title":{"rendered":"Einzeltraining"},"content":{"rendered":"\t\t<div data-elementor-type=\"wp-page\" data-elementor-id=\"2462\" class=\"elementor elementor-2462\">\n\t\t\t\t\t\t<section class=\"elementor-section elementor-top-section elementor-element elementor-element-7c109e8 elementor-section-full_width elementor-section-stretched elementor-section-height-default elementor-section-height-default\" data-id=\"7c109e8\" data-element_type=\"section\" data-settings=\"{&quot;stretch_section&quot;:&quot;section-stretched&quot;,&quot;background_background&quot;:&quot;classic&quot;}\">\n\t\t\t\t\t\t\t<div class=\"elementor-background-overlay\"><\/div>\n\t\t\t\t\t\t\t<div class=\"elementor-container elementor-column-gap-default\">\n\t\t\t\t\t<div class=\"elementor-column elementor-col-100 elementor-top-column elementor-element elementor-element-6c92ca7\" data-id=\"6c92ca7\" data-element_type=\"column\">\n\t\t\t<div class=\"elementor-widget-wrap elementor-element-populated\">\n\t\t\t\t\t\t<div class=\"elementor-element elementor-element-4d6b4d3 elementor-widget elementor-widget-spacer\" data-id=\"4d6b4d3\" data-element_type=\"widget\" data-widget_type=\"spacer.default\">\n\t\t\t\t<div class=\"elementor-widget-container\">\n\t\t\t\t\t\t\t<div class=\"elementor-spacer\">\n\t\t\t<div class=\"elementor-spacer-inner\"><\/div>\n\t\t<\/div>\n\t\t\t\t\t\t<\/div>\n\t\t\t\t<\/div>\n\t\t\t\t<div class=\"elementor-element elementor-element-8385892 elementor-widget elementor-widget-heading\" data-id=\"8385892\" data-element_type=\"widget\" data-widget_type=\"heading.default\">\n\t\t\t\t<div class=\"elementor-widget-container\">\n\t\t\t\t\t<h1 class=\"elementor-heading-title elementor-size-default\">Yoga - Einzeltraining \/ Yogatherapie<\/h1>\t\t\t\t<\/div>\n\t\t\t\t<\/div>\n\t\t\t\t<div class=\"elementor-element elementor-element-d491162 elementor-widget elementor-widget-text-editor\" data-id=\"d491162\" data-element_type=\"widget\" data-widget_type=\"text-editor.default\">\n\t\t\t\t<div class=\"elementor-widget-container\">\n\t\t\t\t\t\t\t\t\t<p style=\"text-align: center;\"><strong>Yoga nur f\u00fcr Sie \u00a0\u2013 \u00a0Zeit f\u00fcr Ihre Bed\u00fcrfnisse \u00a0\u2013 \u00a0Raum f\u00fcr Ihren Atem.<\/strong><\/p>\t\t\t\t\t\t\t\t<\/div>\n\t\t\t\t<\/div>\n\t\t\t\t<div class=\"elementor-element elementor-element-2e7dd2a elementor-widget elementor-widget-spacer\" data-id=\"2e7dd2a\" data-element_type=\"widget\" data-widget_type=\"spacer.default\">\n\t\t\t\t<div class=\"elementor-widget-container\">\n\t\t\t\t\t\t\t<div class=\"elementor-spacer\">\n\t\t\t<div class=\"elementor-spacer-inner\"><\/div>\n\t\t<\/div>\n\t\t\t\t\t\t<\/div>\n\t\t\t\t<\/div>\n\t\t\t\t\t<\/div>\n\t\t<\/div>\n\t\t\t\t\t<\/div>\n\t\t<\/section>\n\t\t\t\t<section class=\"elementor-section elementor-top-section elementor-element elementor-element-adf8278 elementor-section-boxed elementor-section-height-default elementor-section-height-default\" data-id=\"adf8278\" data-element_type=\"section\">\n\t\t\t\t\t\t<div class=\"elementor-container elementor-column-gap-default\">\n\t\t\t\t\t<div class=\"elementor-column elementor-col-100 elementor-top-column elementor-element elementor-element-b2f93f2\" data-id=\"b2f93f2\" data-element_type=\"column\">\n\t\t\t<div class=\"elementor-widget-wrap elementor-element-populated\">\n\t\t\t\t\t\t<div class=\"elementor-element elementor-element-8ac9e72 elementor-widget elementor-widget-heading\" data-id=\"8ac9e72\" data-element_type=\"widget\" data-widget_type=\"heading.default\">\n\t\t\t\t<div class=\"elementor-widget-container\">\n\t\t\t\t\t<h2 class=\"elementor-heading-title elementor-size-default\">Warum Einzelunterricht?<\/h2>\t\t\t\t<\/div>\n\t\t\t\t<\/div>\n\t\t\t\t<div class=\"elementor-element elementor-element-1545cf0 elementor-widget-divider--view-line elementor-widget elementor-widget-divider\" data-id=\"1545cf0\" data-element_type=\"widget\" data-widget_type=\"divider.default\">\n\t\t\t\t<div class=\"elementor-widget-container\">\n\t\t\t\t\t\t\t<div class=\"elementor-divider\">\n\t\t\t<span class=\"elementor-divider-separator\">\n\t\t\t\t\t\t<\/span>\n\t\t<\/div>\n\t\t\t\t\t\t<\/div>\n\t\t\t\t<\/div>\n\t\t\t\t\t<\/div>\n\t\t<\/div>\n\t\t\t\t\t<\/div>\n\t\t<\/section>\n\t\t\t\t<section class=\"elementor-section elementor-top-section elementor-element elementor-element-a7979c3 elementor-section-boxed elementor-section-height-default elementor-section-height-default\" data-id=\"a7979c3\" data-element_type=\"section\">\n\t\t\t\t\t\t<div class=\"elementor-container elementor-column-gap-default\">\n\t\t\t\t\t<div class=\"elementor-column elementor-col-50 elementor-top-column elementor-element elementor-element-29b312d\" data-id=\"29b312d\" data-element_type=\"column\">\n\t\t\t<div class=\"elementor-widget-wrap elementor-element-populated\">\n\t\t\t\t\t\t<div class=\"elementor-element elementor-element-1193f55 elementor-widget elementor-widget-text-editor\" data-id=\"1193f55\" data-element_type=\"widget\" data-widget_type=\"text-editor.default\">\n\t\t\t\t<div class=\"elementor-widget-container\">\n\t\t\t\t\t\t\t\t\t<p><span class=\"xr_tl Normal_text\" style=\"font-size: 14pt;\"><strong>Yoga-Einzeltraining erm\u00f6glicht Ihnen:\u00a0<\/strong><\/span><\/p><div class=\"su-list\"><ul><li><i class=\"sui sui-leaf\"><\/i>Eine\u00a0<strong>zeitlich flexible<\/strong>\u00a0und\u00a0<strong>individuelle<\/strong> \u00dcbepraxis.<\/li><li><i class=\"sui sui-leaf\"><\/i>Ein Yogaprogramm, das\u00a0<strong>speziell f\u00fcr Sie<\/strong>\u00a0zusammengestellt wird und auf Ihre k\u00f6rperlichen Belange eingeht.<\/li><li><i class=\"sui sui-leaf\"><\/i>Ein\u00a0<strong><strong>gezieltes Erlernen der Bewegungsabl\u00e4ufe.<\/strong><\/strong><\/li><li><i class=\"sui sui-leaf\"><\/i><strong>Tiefer in die Yogapraxis<\/strong>\u00a0einzutauchen und diese zu verbessern.<\/li><\/ul><\/div>\t\t\t\t\t\t\t\t<\/div>\n\t\t\t\t<\/div>\n\t\t\t\t\t<\/div>\n\t\t<\/div>\n\t\t\t\t<div class=\"elementor-column elementor-col-50 elementor-top-column elementor-element elementor-element-35da7f7\" data-id=\"35da7f7\" data-element_type=\"column\">\n\t\t\t<div class=\"elementor-widget-wrap elementor-element-populated\">\n\t\t\t\t\t\t<div class=\"elementor-element elementor-element-08bce12 elementor-widget elementor-widget-image\" data-id=\"08bce12\" data-element_type=\"widget\" data-widget_type=\"image.default\">\n\t\t\t\t<div class=\"elementor-widget-container\">\n\t\t\t\t\t\t\t\t\t\t\t\t\t\t\t<img fetchpriority=\"high\" decoding=\"async\" width=\"768\" height=\"512\" src=\"https:\/\/yogamudra.de\/wordpress\/wp-content\/uploads\/2021\/03\/pexels-cottonbro-4056513-768x512.jpg\" class=\"attachment-medium_large size-medium_large wp-image-1831\" alt=\"\" srcset=\"https:\/\/yogamudra.de\/wordpress\/wp-content\/uploads\/2021\/03\/pexels-cottonbro-4056513-768x512.jpg 768w, https:\/\/yogamudra.de\/wordpress\/wp-content\/uploads\/2021\/03\/pexels-cottonbro-4056513-300x200.jpg 300w, https:\/\/yogamudra.de\/wordpress\/wp-content\/uploads\/2021\/03\/pexels-cottonbro-4056513-1024x683.jpg 1024w, https:\/\/yogamudra.de\/wordpress\/wp-content\/uploads\/2021\/03\/pexels-cottonbro-4056513-1536x1024.jpg 1536w, https:\/\/yogamudra.de\/wordpress\/wp-content\/uploads\/2021\/03\/pexels-cottonbro-4056513-2048x1365.jpg 2048w\" sizes=\"(max-width: 768px) 100vw, 768px\" \/>\t\t\t\t\t\t\t\t\t\t\t\t\t\t\t<\/div>\n\t\t\t\t<\/div>\n\t\t\t\t\t<\/div>\n\t\t<\/div>\n\t\t\t\t\t<\/div>\n\t\t<\/section>\n\t\t\t\t<section class=\"elementor-section elementor-top-section elementor-element elementor-element-6ed261b elementor-section-boxed elementor-section-height-default elementor-section-height-default\" data-id=\"6ed261b\" data-element_type=\"section\">\n\t\t\t\t\t\t<div class=\"elementor-container elementor-column-gap-default\">\n\t\t\t\t\t<div class=\"elementor-column elementor-col-100 elementor-top-column elementor-element elementor-element-0cad54e\" data-id=\"0cad54e\" data-element_type=\"column\">\n\t\t\t<div class=\"elementor-widget-wrap elementor-element-populated\">\n\t\t\t\t\t\t<div class=\"elementor-element elementor-element-45ccc6e elementor-widget elementor-widget-heading\" data-id=\"45ccc6e\" data-element_type=\"widget\" data-widget_type=\"heading.default\">\n\t\t\t\t<div class=\"elementor-widget-container\">\n\t\t\t\t\t<h2 class=\"elementor-heading-title elementor-size-default\">Der Ablauf einer Einzelstunde<\/h2>\t\t\t\t<\/div>\n\t\t\t\t<\/div>\n\t\t\t\t<div class=\"elementor-element elementor-element-1cdd3fb elementor-widget-divider--view-line elementor-widget elementor-widget-divider\" data-id=\"1cdd3fb\" data-element_type=\"widget\" data-widget_type=\"divider.default\">\n\t\t\t\t<div class=\"elementor-widget-container\">\n\t\t\t\t\t\t\t<div class=\"elementor-divider\">\n\t\t\t<span class=\"elementor-divider-separator\">\n\t\t\t\t\t\t<\/span>\n\t\t<\/div>\n\t\t\t\t\t\t<\/div>\n\t\t\t\t<\/div>\n\t\t\t\t<div class=\"elementor-element elementor-element-a3e82cb elementor-widget elementor-widget-text-editor\" data-id=\"a3e82cb\" data-element_type=\"widget\" data-widget_type=\"text-editor.default\">\n\t\t\t\t<div class=\"elementor-widget-container\">\n\t\t\t\t\t\t\t\t\t<p>Am Anfang jedes Einzelunterrichts steht ein ausf\u00fchrliches Gespr\u00e4ch, um Bed\u00fcrfnisse, eventuelle Beschwerden und k\u00f6rperliche Voraussetzungen abzukl\u00e4ren.<\/p><p>Gemeinsam mit der Sch\u00fclerin\/ dem Sch\u00fcler wird ein individuelles Yogaprogramm erarbeitet und schriftlich festgehalten.<\/p><p>Dieses Programm wird dann \u00fcber einen gewissen Zeitraum zu Hause selbstst\u00e4ndig ge\u00fcbt.<\/p><p>Beim n\u00e4chsten Termin wird die \u00dcbepraxis und die Erfahrungen, die Sie damit gemacht haben besprochen, weiterentwickelt und immer wieder an die aktuelle Lebenssituation angepasst.<\/p><p>Diese Form des Yogaunterrichts wurde vor allem von T. Krishnamacharya und dessen Sohn T.K.V. Desikachar entwickelt und verbreitet.<\/p>\t\t\t\t\t\t\t\t<\/div>\n\t\t\t\t<\/div>\n\t\t\t\t\t<\/div>\n\t\t<\/div>\n\t\t\t\t\t<\/div>\n\t\t<\/section>\n\t\t\t\t<section class=\"elementor-section elementor-top-section elementor-element elementor-element-56bc6a5 elementor-section-boxed elementor-section-height-default elementor-section-height-default\" data-id=\"56bc6a5\" data-element_type=\"section\">\n\t\t\t\t\t\t<div class=\"elementor-container elementor-column-gap-default\">\n\t\t\t\t\t<div class=\"elementor-column elementor-col-100 elementor-top-column elementor-element elementor-element-2646aa9\" data-id=\"2646aa9\" data-element_type=\"column\">\n\t\t\t<div class=\"elementor-widget-wrap elementor-element-populated\">\n\t\t\t\t\t\t<div class=\"elementor-element elementor-element-1c9a58f elementor-widget-divider--view-line elementor-widget elementor-widget-divider\" data-id=\"1c9a58f\" data-element_type=\"widget\" data-widget_type=\"divider.default\">\n\t\t\t\t<div class=\"elementor-widget-container\">\n\t\t\t\t\t\t\t<div class=\"elementor-divider\">\n\t\t\t<span class=\"elementor-divider-separator\">\n\t\t\t\t\t\t<\/span>\n\t\t<\/div>\n\t\t\t\t\t\t<\/div>\n\t\t\t\t<\/div>\n\t\t\t\t<div class=\"elementor-element elementor-element-47d16c6 elementor-widget elementor-widget-text-editor\" data-id=\"47d16c6\" data-element_type=\"widget\" data-widget_type=\"text-editor.default\">\n\t\t\t\t<div class=\"elementor-widget-container\">\n\t\t\t\t\t\t\t\t\t<p>Sie m\u00f6chten mehr \u00fcber Yoga erfahren?<\/p>\t\t\t\t\t\t\t\t<\/div>\n\t\t\t\t<\/div>\n\t\t\t\t\t<\/div>\n\t\t<\/div>\n\t\t\t\t\t<\/div>\n\t\t<\/section>\n\t\t\t\t<section class=\"elementor-section elementor-top-section elementor-element elementor-element-ee290fe elementor-section-boxed elementor-section-height-default elementor-section-height-default\" data-id=\"ee290fe\" data-element_type=\"section\">\n\t\t\t\t\t\t<div class=\"elementor-container elementor-column-gap-default\">\n\t\t\t\t\t<div class=\"elementor-column elementor-col-33 elementor-top-column elementor-element elementor-element-3124635\" data-id=\"3124635\" data-element_type=\"column\">\n\t\t\t<div class=\"elementor-widget-wrap elementor-element-populated\">\n\t\t\t\t\t\t<div class=\"elementor-element elementor-element-7ece6a3 elementor-align-right elementor-widget elementor-widget-button\" data-id=\"7ece6a3\" data-element_type=\"widget\" data-widget_type=\"button.default\">\n\t\t\t\t<div class=\"elementor-widget-container\">\n\t\t\t\t\t\t\t\t\t<div class=\"elementor-button-wrapper\">\n\t\t\t\t\t<a class=\"elementor-button elementor-button-link elementor-size-md\" href=\"https:\/\/yogamudra.de\/wordpress\/ueberyoga\/\">\n\t\t\t\t\t\t<span class=\"elementor-button-content-wrapper\">\n\t\t\t\t\t\t\t\t\t<span class=\"elementor-button-text\">\u00dcber Yoga<\/span>\n\t\t\t\t\t<\/span>\n\t\t\t\t\t<\/a>\n\t\t\t\t<\/div>\n\t\t\t\t\t\t\t\t<\/div>\n\t\t\t\t<\/div>\n\t\t\t\t\t<\/div>\n\t\t<\/div>\n\t\t\t\t<div class=\"elementor-column elementor-col-33 elementor-top-column elementor-element elementor-element-eb1f5c6\" data-id=\"eb1f5c6\" data-element_type=\"column\">\n\t\t\t<div class=\"elementor-widget-wrap elementor-element-populated\">\n\t\t\t\t\t\t<div class=\"elementor-element elementor-element-98c5202 elementor-align-center elementor-widget elementor-widget-button\" data-id=\"98c5202\" data-element_type=\"widget\" data-widget_type=\"button.default\">\n\t\t\t\t<div class=\"elementor-widget-container\">\n\t\t\t\t\t\t\t\t\t<div class=\"elementor-button-wrapper\">\n\t\t\t\t\t<a class=\"elementor-button elementor-button-link elementor-size-md\" href=\"https:\/\/yogamudra.de\/wordpress\/therapien\/\">\n\t\t\t\t\t\t<span class=\"elementor-button-content-wrapper\">\n\t\t\t\t\t\t\t\t\t<span class=\"elementor-button-text\">Yogatherapie<\/span>\n\t\t\t\t\t<\/span>\n\t\t\t\t\t<\/a>\n\t\t\t\t<\/div>\n\t\t\t\t\t\t\t\t<\/div>\n\t\t\t\t<\/div>\n\t\t\t\t\t<\/div>\n\t\t<\/div>\n\t\t\t\t<div class=\"elementor-column elementor-col-33 elementor-top-column elementor-element elementor-element-7078255\" data-id=\"7078255\" data-element_type=\"column\">\n\t\t\t<div class=\"elementor-widget-wrap elementor-element-populated\">\n\t\t\t\t\t\t<div class=\"elementor-element elementor-element-d18a648 elementor-align-left elementor-widget elementor-widget-button\" data-id=\"d18a648\" data-element_type=\"widget\" data-widget_type=\"button.default\">\n\t\t\t\t<div class=\"elementor-widget-container\">\n\t\t\t\t\t\t\t\t\t<div class=\"elementor-button-wrapper\">\n\t\t\t\t\t<a class=\"elementor-button elementor-button-link elementor-size-md\" href=\"https:\/\/yogamudra.de\/wordpress\/kontakt\/\">\n\t\t\t\t\t\t<span class=\"elementor-button-content-wrapper\">\n\t\t\t\t\t\t\t\t\t<span class=\"elementor-button-text\">Kontakt<\/span>\n\t\t\t\t\t<\/span>\n\t\t\t\t\t<\/a>\n\t\t\t\t<\/div>\n\t\t\t\t\t\t\t\t<\/div>\n\t\t\t\t<\/div>\n\t\t\t\t\t<\/div>\n\t\t<\/div>\n\t\t\t\t\t<\/div>\n\t\t<\/section>\n\t\t\t\t<\/div>\n\t\t","protected":false},"excerpt":{"rendered":"<p>Yoga &#8211; Einzeltraining \/ Yogatherapie Yoga nur f\u00fcr Sie \u00a0\u2013 \u00a0Zeit f\u00fcr Ihre Bed\u00fcrfnisse \u00a0\u2013 \u00a0Raum f\u00fcr Ihren Atem. Warum Einzelunterricht? Yoga-Einzeltraining erm\u00f6glicht Ihnen:\u00a0 Eine\u00a0zeitlich flexible\u00a0und\u00a0individuelle \u00dcbepraxis. Ein Yogaprogramm, das\u00a0speziell f\u00fcr Sie\u00a0zusammengestellt wird und auf Ihre k\u00f6rperlichen Belange eingeht. Ein\u00a0gezieltes Erlernen der Bewegungsabl\u00e4ufe. Tiefer in die Yogapraxis\u00a0einzutauchen und diese zu verbessern. Der Ablauf einer Einzelstunde [&hellip;]<\/p>\n","protected":false},"author":1,"featured_media":0,"parent":0,"menu_order":0,"comment_status":"closed","ping_status":"closed","template":"","meta":{"ocean_post_layout":"","ocean_both_sidebars_style":"","ocean_both_sidebars_content_width":0,"ocean_both_sidebars_sidebars_width":0,"ocean_sidebar":"0","ocean_second_sidebar":"0","ocean_disable_margins":"enable","ocean_add_body_class":"","ocean_shortcode_before_top_bar":"","ocean_shortcode_after_top_bar":"","ocean_shortcode_before_header":"","ocean_shortcode_after_header":"","ocean_has_shortcode":"","ocean_shortcode_after_title":"","ocean_shortcode_before_footer_widgets":"","ocean_shortcode_after_footer_widgets":"","ocean_shortcode_before_footer_bottom":"","ocean_shortcode_after_footer_bottom":"","ocean_display_top_bar":"default","ocean_display_header":"default","ocean_header_style":"","ocean_center_header_left_menu":"0","ocean_custom_header_template":"0","ocean_custom_logo":0,"ocean_custom_retina_logo":0,"ocean_custom_logo_max_width":0,"ocean_custom_logo_tablet_max_width":0,"ocean_custom_logo_mobile_max_width":0,"ocean_custom_logo_max_height":0,"ocean_custom_logo_tablet_max_height":0,"ocean_custom_logo_mobile_max_height":0,"ocean_header_custom_menu":"0","ocean_menu_typo_font_family":"0","ocean_menu_typo_font_subset":"","ocean_menu_typo_font_size":0,"ocean_menu_typo_font_size_tablet":0,"ocean_menu_typo_font_size_mobile":0,"ocean_menu_typo_font_size_unit":"px","ocean_menu_typo_font_weight":"","ocean_menu_typo_font_weight_tablet":"","ocean_menu_typo_font_weight_mobile":"","ocean_menu_typo_transform":"","ocean_menu_typo_transform_tablet":"","ocean_menu_typo_transform_mobile":"","ocean_menu_typo_line_height":0,"ocean_menu_typo_line_height_tablet":0,"ocean_menu_typo_line_height_mobile":0,"ocean_menu_typo_line_height_unit":"","ocean_menu_typo_spacing":0,"ocean_menu_typo_spacing_tablet":0,"ocean_menu_typo_spacing_mobile":0,"ocean_menu_typo_spacing_unit":"","ocean_menu_link_color":"","ocean_menu_link_color_hover":"","ocean_menu_link_color_active":"","ocean_menu_link_background":"","ocean_menu_link_hover_background":"","ocean_menu_link_active_background":"","ocean_menu_social_links_bg":"","ocean_menu_social_hover_links_bg":"","ocean_menu_social_links_color":"","ocean_menu_social_hover_links_color":"","ocean_disable_title":"on","ocean_disable_heading":"default","ocean_post_title":"","ocean_post_subheading":"","ocean_post_title_style":"","ocean_post_title_background_color":"","ocean_post_title_background":0,"ocean_post_title_bg_image_position":"","ocean_post_title_bg_image_attachment":"","ocean_post_title_bg_image_repeat":"","ocean_post_title_bg_image_size":"","ocean_post_title_height":0,"ocean_post_title_bg_overlay":0.5,"ocean_post_title_bg_overlay_color":"","ocean_disable_breadcrumbs":"default","ocean_breadcrumbs_color":"","ocean_breadcrumbs_separator_color":"","ocean_breadcrumbs_links_color":"","ocean_breadcrumbs_links_hover_color":"","ocean_display_footer_widgets":"default","ocean_display_footer_bottom":"default","ocean_custom_footer_template":"0","footnotes":""},"class_list":["post-2462","page","type-page","status-publish","hentry","entry"],"yoast_head":"<!-- This site is optimized with the Yoast SEO plugin v27.4 - https:\/\/yoast.com\/product\/yoast-seo-wordpress\/ -->\n<title>Einzeltraining - Naturheilpraxis Daniela Hem<\/title>\n<meta name=\"robots\" content=\"index, follow, max-snippet:-1, max-image-preview:large, max-video-preview:-1\" \/>\n<link rel=\"canonical\" href=\"https:\/\/yogamudra.de\/wordpress\/einzeltraining\/\" \/>\n<meta property=\"og:locale\" content=\"de_DE\" \/>\n<meta property=\"og:type\" content=\"article\" \/>\n<meta property=\"og:title\" content=\"Einzeltraining - Naturheilpraxis Daniela Hem\" \/>\n<meta property=\"og:description\" content=\"Yoga &#8211; Einzeltraining \/ Yogatherapie Yoga nur f\u00fcr Sie \u00a0\u2013 \u00a0Zeit f\u00fcr Ihre Bed\u00fcrfnisse \u00a0\u2013 \u00a0Raum f\u00fcr Ihren Atem. Warum Einzelunterricht? Yoga-Einzeltraining erm\u00f6glicht Ihnen:\u00a0 Eine\u00a0zeitlich flexible\u00a0und\u00a0individuelle \u00dcbepraxis. Ein Yogaprogramm, das\u00a0speziell f\u00fcr Sie\u00a0zusammengestellt wird und auf Ihre k\u00f6rperlichen Belange eingeht. Ein\u00a0gezieltes Erlernen der Bewegungsabl\u00e4ufe. Tiefer in die Yogapraxis\u00a0einzutauchen und diese zu verbessern. Der Ablauf einer Einzelstunde [&hellip;]\" \/>\n<meta property=\"og:url\" content=\"https:\/\/yogamudra.de\/wordpress\/einzeltraining\/\" \/>\n<meta property=\"og:site_name\" content=\"Naturheilpraxis Daniela Hem\" \/>\n<meta property=\"article:publisher\" content=\"https:\/\/www.facebook.com\/NaturheilpraxisDanielaHem\" \/>\n<meta property=\"article:modified_time\" content=\"2021-03-27T09:51:54+00:00\" \/>\n<meta property=\"og:image\" content=\"https:\/\/yogamudra.de\/wordpress\/wp-content\/uploads\/2021\/03\/pexels-cottonbro-4056513-768x512.jpg\" \/>\n<meta name=\"twitter:label1\" content=\"Gesch\u00e4tzte Lesezeit\" \/>\n\t<meta name=\"twitter:data1\" content=\"1\u00a0Minute\" \/>\n<script type=\"application\/ld+json\" class=\"yoast-schema-graph\">{\"@context\":\"https:\\\/\\\/schema.org\",\"@graph\":[{\"@type\":\"WebPage\",\"@id\":\"https:\\\/\\\/yogamudra.de\\\/wordpress\\\/einzeltraining\\\/\",\"url\":\"https:\\\/\\\/yogamudra.de\\\/wordpress\\\/einzeltraining\\\/\",\"name\":\"Einzeltraining - Naturheilpraxis Daniela Hem\",\"isPartOf\":{\"@id\":\"https:\\\/\\\/yogamudra.de\\\/wordpress\\\/#website\"},\"primaryImageOfPage\":{\"@id\":\"https:\\\/\\\/yogamudra.de\\\/wordpress\\\/einzeltraining\\\/#primaryimage\"},\"image\":{\"@id\":\"https:\\\/\\\/yogamudra.de\\\/wordpress\\\/einzeltraining\\\/#primaryimage\"},\"thumbnailUrl\":\"https:\\\/\\\/yogamudra.de\\\/wordpress\\\/wp-content\\\/uploads\\\/2021\\\/03\\\/pexels-cottonbro-4056513-768x512.jpg\",\"datePublished\":\"2021-03-27T08:26:28+00:00\",\"dateModified\":\"2021-03-27T09:51:54+00:00\",\"breadcrumb\":{\"@id\":\"https:\\\/\\\/yogamudra.de\\\/wordpress\\\/einzeltraining\\\/#breadcrumb\"},\"inLanguage\":\"de\",\"potentialAction\":[{\"@type\":\"ReadAction\",\"target\":[\"https:\\\/\\\/yogamudra.de\\\/wordpress\\\/einzeltraining\\\/\"]}]},{\"@type\":\"ImageObject\",\"inLanguage\":\"de\",\"@id\":\"https:\\\/\\\/yogamudra.de\\\/wordpress\\\/einzeltraining\\\/#primaryimage\",\"url\":\"https:\\\/\\\/yogamudra.de\\\/wordpress\\\/wp-content\\\/uploads\\\/2021\\\/03\\\/pexels-cottonbro-4056513-768x512.jpg\",\"contentUrl\":\"https:\\\/\\\/yogamudra.de\\\/wordpress\\\/wp-content\\\/uploads\\\/2021\\\/03\\\/pexels-cottonbro-4056513-768x512.jpg\"},{\"@type\":\"BreadcrumbList\",\"@id\":\"https:\\\/\\\/yogamudra.de\\\/wordpress\\\/einzeltraining\\\/#breadcrumb\",\"itemListElement\":[{\"@type\":\"ListItem\",\"position\":1,\"name\":\"Start\",\"item\":\"https:\\\/\\\/yogamudra.de\\\/wordpress\\\/\"},{\"@type\":\"ListItem\",\"position\":2,\"name\":\"Einzeltraining\"}]},{\"@type\":\"WebSite\",\"@id\":\"https:\\\/\\\/yogamudra.de\\\/wordpress\\\/#website\",\"url\":\"https:\\\/\\\/yogamudra.de\\\/wordpress\\\/\",\"name\":\"Naturheilpraxis Daniela Hem\",\"description\":\"Naturheilkunde &amp; Yoga\",\"potentialAction\":[{\"@type\":\"SearchAction\",\"target\":{\"@type\":\"EntryPoint\",\"urlTemplate\":\"https:\\\/\\\/yogamudra.de\\\/wordpress\\\/?s={search_term_string}\"},\"query-input\":{\"@type\":\"PropertyValueSpecification\",\"valueRequired\":true,\"valueName\":\"search_term_string\"}}],\"inLanguage\":\"de\"}]}<\/script>\n<!-- \/ Yoast SEO plugin. -->","yoast_head_json":{"title":"Einzeltraining - Naturheilpraxis Daniela Hem","robots":{"index":"index","follow":"follow","max-snippet":"max-snippet:-1","max-image-preview":"max-image-preview:large","max-video-preview":"max-video-preview:-1"},"canonical":"https:\/\/yogamudra.de\/wordpress\/einzeltraining\/","og_locale":"de_DE","og_type":"article","og_title":"Einzeltraining - Naturheilpraxis Daniela Hem","og_description":"Yoga &#8211; Einzeltraining \/ Yogatherapie Yoga nur f\u00fcr Sie \u00a0\u2013 \u00a0Zeit f\u00fcr Ihre Bed\u00fcrfnisse \u00a0\u2013 \u00a0Raum f\u00fcr Ihren Atem. Warum Einzelunterricht? Yoga-Einzeltraining erm\u00f6glicht Ihnen:\u00a0 Eine\u00a0zeitlich flexible\u00a0und\u00a0individuelle \u00dcbepraxis. Ein Yogaprogramm, das\u00a0speziell f\u00fcr Sie\u00a0zusammengestellt wird und auf Ihre k\u00f6rperlichen Belange eingeht. Ein\u00a0gezieltes Erlernen der Bewegungsabl\u00e4ufe. Tiefer in die Yogapraxis\u00a0einzutauchen und diese zu verbessern. Der Ablauf einer Einzelstunde [&hellip;]","og_url":"https:\/\/yogamudra.de\/wordpress\/einzeltraining\/","og_site_name":"Naturheilpraxis Daniela Hem","article_publisher":"https:\/\/www.facebook.com\/NaturheilpraxisDanielaHem","article_modified_time":"2021-03-27T09:51:54+00:00","og_image":[{"url":"https:\/\/yogamudra.de\/wordpress\/wp-content\/uploads\/2021\/03\/pexels-cottonbro-4056513-768x512.jpg","type":"","width":"","height":""}],"twitter_misc":{"Gesch\u00e4tzte Lesezeit":"1\u00a0Minute"},"schema":{"@context":"https:\/\/schema.org","@graph":[{"@type":"WebPage","@id":"https:\/\/yogamudra.de\/wordpress\/einzeltraining\/","url":"https:\/\/yogamudra.de\/wordpress\/einzeltraining\/","name":"Einzeltraining - Naturheilpraxis Daniela Hem","isPartOf":{"@id":"https:\/\/yogamudra.de\/wordpress\/#website"},"primaryImageOfPage":{"@id":"https:\/\/yogamudra.de\/wordpress\/einzeltraining\/#primaryimage"},"image":{"@id":"https:\/\/yogamudra.de\/wordpress\/einzeltraining\/#primaryimage"},"thumbnailUrl":"https:\/\/yogamudra.de\/wordpress\/wp-content\/uploads\/2021\/03\/pexels-cottonbro-4056513-768x512.jpg","datePublished":"2021-03-27T08:26:28+00:00","dateModified":"2021-03-27T09:51:54+00:00","breadcrumb":{"@id":"https:\/\/yogamudra.de\/wordpress\/einzeltraining\/#breadcrumb"},"inLanguage":"de","potentialAction":[{"@type":"ReadAction","target":["https:\/\/yogamudra.de\/wordpress\/einzeltraining\/"]}]},{"@type":"ImageObject","inLanguage":"de","@id":"https:\/\/yogamudra.de\/wordpress\/einzeltraining\/#primaryimage","url":"https:\/\/yogamudra.de\/wordpress\/wp-content\/uploads\/2021\/03\/pexels-cottonbro-4056513-768x512.jpg","contentUrl":"https:\/\/yogamudra.de\/wordpress\/wp-content\/uploads\/2021\/03\/pexels-cottonbro-4056513-768x512.jpg"},{"@type":"BreadcrumbList","@id":"https:\/\/yogamudra.de\/wordpress\/einzeltraining\/#breadcrumb","itemListElement":[{"@type":"ListItem","position":1,"name":"Start","item":"https:\/\/yogamudra.de\/wordpress\/"},{"@type":"ListItem","position":2,"name":"Einzeltraining"}]},{"@type":"WebSite","@id":"https:\/\/yogamudra.de\/wordpress\/#website","url":"https:\/\/yogamudra.de\/wordpress\/","name":"Naturheilpraxis Daniela Hem","description":"Naturheilkunde &amp; Yoga","potentialAction":[{"@type":"SearchAction","target":{"@type":"EntryPoint","urlTemplate":"https:\/\/yogamudra.de\/wordpress\/?s={search_term_string}"},"query-input":{"@type":"PropertyValueSpecification","valueRequired":true,"valueName":"search_term_string"}}],"inLanguage":"de"}]}},"_links":{"self":[{"href":"https:\/\/yogamudra.de\/wordpress\/wp-json\/wp\/v2\/pages\/2462","targetHints":{"allow":["GET"]}}],"collection":[{"href":"https:\/\/yogamudra.de\/wordpress\/wp-json\/wp\/v2\/pages"}],"about":[{"href":"https:\/\/yogamudra.de\/wordpress\/wp-json\/wp\/v2\/types\/page"}],"author":[{"embeddable":true,"href":"https:\/\/yogamudra.de\/wordpress\/wp-json\/wp\/v2\/users\/1"}],"replies":[{"embeddable":true,"href":"https:\/\/yogamudra.de\/wordpress\/wp-json\/wp\/v2\/comments?post=2462"}],"version-history":[{"count":33,"href":"https:\/\/yogamudra.de\/wordpress\/wp-json\/wp\/v2\/pages\/2462\/revisions"}],"predecessor-version":[{"id":2496,"href":"https:\/\/yogamudra.de\/wordpress\/wp-json\/wp\/v2\/pages\/2462\/revisions\/2496"}],"wp:attachment":[{"href":"https:\/\/yogamudra.de\/wordpress\/wp-json\/wp\/v2\/media?parent=2462"}],"curies":[{"name":"wp","href":"https:\/\/api.w.org\/{rel}","templated":true}]}}